{"id":6044,"date":"2025-04-29T03:53:09","date_gmt":"2025-04-29T03:53:09","guid":{"rendered":"https:\/\/theoliuconcept.com\/product\/la-dama\/"},"modified":"2025-09-23T03:39:09","modified_gmt":"2025-09-23T03:39:09","slug":"la-dama","status":"publish","type":"product","link":"https:\/\/theoliuconcept.com\/vi\/product\/la-dama\/","title":{"rendered":"La Dama"},"content":{"rendered":"<p><strong>C\u00e2u chuy\u1ec7n:<\/strong><br \/>\nDuy\u00ean d\u00e1ng v\u00e0 t\u1ef1 h\u00e0o, La Dama \u0111\u00e3 \u0111\u1ee9ng trong nhi\u1ec1u th\u1ebf k\u1ef7 \u1edf r\u00eca c\u1ee7a m\u1ed9t khu r\u1eebng \u00f4 liu c\u0169, n\u01a1i l\u00e0n gi\u00f3 l\u00e0m d\u1ecbu \u0111i nh\u1eefng \u0111\u01b0\u1eddng cong c\u1ee7a c\u00f4 v\u00e0 m\u1eb7t tr\u1eddi l\u00e0m \u1ea5m v\u1ecf c\u00e2y \u0111i\u00eau kh\u1eafc c\u1ee7a c\u00f4. Ng\u01b0\u1eddi d\u00e2n \u0111\u1ecba ph\u01b0\u01a1ng \u0111\u1eb7t cho c\u00f4 c\u00e1i t\u00ean n\u00e0y &#8211; ng\u01b0\u1eddi ph\u1ee5 n\u1eef &#8211; v\u00ec h\u00ecnh d\u1ea1ng tinh t\u1ebf c\u1ee7a c\u00f4 v\u00e0 c\u00e1ch m\u00e0 th\u00e2n c\u00e2y xo\u1eafn c\u1ee7a c\u00f4 d\u01b0\u1eddng nh\u01b0 di chuy\u1ec3n nh\u01b0 m\u1ed9t v\u0169 c\u00f4ng.<\/p>\n<p><strong>T\u1ea1i sao n\u00f3 \u0111\u1eb7c bi\u1ec7t:<\/strong><br \/>\nNh\u1eefng \u0111\u01b0\u1eddng n\u00e9t tinh t\u1ebf, ch\u1ea3y v\u00e0 t\u1ef7 l\u1ec7 c\u00e2n b\u1eb1ng c\u1ee7a c\u00f4 \u1ea5y l\u00e0m cho La Dama tr\u1edf th\u00e0nh m\u1ed9t bi\u1ec3u t\u01b0\u1ee3ng c\u1ee7a \u00e2n s\u1ee7ng. Ho\u00e0n h\u1ea3o cho kh\u00f4ng gian t\u00ecm ki\u1ebfm s\u1ef1 quy\u1ebfn r\u0169 v\u00e0 thanh th\u1ea3n.<\/p>\n","protected":false},"excerpt":{"rendered":"<p>Ng\u01b0\u1eddi ta n\u00f3i r\u1eb1ng nh\u1eefng ng\u01b0\u1eddi tr\u1ed3ng c\u00e2y d\u01b0\u1edbi b\u00f3ng r\u00e2m c\u1ee7a c\u00f4 lu\u00f4n \u0111\u01b0\u1ee3c thu ho\u1ea1ch v\u1edbi s\u1ef1 phong ph\u00fa. C\u00f4 mang theo s\u1ef1 thanh l\u1ecbch th\u1ea7m l\u1eb7ng c\u1ee7a truy\u1ec1n th\u1ed1ng, n\u1eef t\u00ednh v\u00e0 s\u1ee9c m\u1ea1nh.<\/p>\n","protected":false},"featured_media":5962,"comment_status":"open","ping_status":"closed","template":"","meta":{"_acf_changed":false},"product_brand":[],"product_cat":[105,106],"product_tag":[80,81],"class_list":{"0":"post-6044","1":"product","2":"type-product","3":"status-publish","4":"has-post-thumbnail","6":"product_cat-mediterranean-soul-vi","7":"product_cat-the-ancient-one-vi","8":"product_tag-hojiblanca","9":"product_tag-twisted","11":"first","12":"instock","13":"sale","14":"shipping-taxable","15":"purchasable","16":"product-type-simple"},"acf":[],"_links":{"self":[{"href":"https:\/\/theoliuconcept.com\/vi\/wp-json\/wp\/v2\/product\/6044","targetHints":{"allow":["GET"]}}],"collection":[{"href":"https:\/\/theoliuconcept.com\/vi\/wp-json\/wp\/v2\/product"}],"about":[{"href":"https:\/\/theoliuconcept.com\/vi\/wp-json\/wp\/v2\/types\/product"}],"replies":[{"embeddable":true,"href":"https:\/\/theoliuconcept.com\/vi\/wp-json\/wp\/v2\/comments?post=6044"}],"version-history":[{"count":5,"href":"https:\/\/theoliuconcept.com\/vi\/wp-json\/wp\/v2\/product\/6044\/revisions"}],"predecessor-version":[{"id":6139,"href":"https:\/\/theoliuconcept.com\/vi\/wp-json\/wp\/v2\/product\/6044\/revisions\/6139"}],"wp:featuredmedia":[{"embeddable":true,"href":"https:\/\/theoliuconcept.com\/vi\/wp-json\/wp\/v2\/media\/5962"}],"wp:attachment":[{"href":"https:\/\/theoliuconcept.com\/vi\/wp-json\/wp\/v2\/media?parent=6044"}],"wp:term":[{"taxonomy":"product_brand","embeddable":true,"href":"https:\/\/theoliuconcept.com\/vi\/wp-json\/wp\/v2\/product_brand?post=6044"},{"taxonomy":"product_cat","embeddable":true,"href":"https:\/\/theoliuconcept.com\/vi\/wp-json\/wp\/v2\/product_cat?post=6044"},{"taxonomy":"product_tag","embeddable":true,"href":"https:\/\/theoliuconcept.com\/vi\/wp-json\/wp\/v2\/product_tag?post=6044"}],"curies":[{"name":"wp","href":"https:\/\/api.w.org\/{rel}","templated":true}]}}