{"id":6043,"date":"2025-04-29T04:16:25","date_gmt":"2025-04-29T04:16:25","guid":{"rendered":"https:\/\/theoliuconcept.com\/product\/gemelos-de-luna\/"},"modified":"2025-08-29T10:20:04","modified_gmt":"2025-08-29T10:20:04","slug":"gemelos-de-luna","status":"publish","type":"product","link":"https:\/\/theoliuconcept.com\/vi\/product\/gemelos-de-luna\/","title":{"rendered":"Gemelos de Luna"},"content":{"rendered":"<p><strong>C\u00e2u chuy\u1ec7n:<\/strong><br \/>\u0110\u01b0\u1ee3c tr\u1ed3ng d\u01b0\u1edbi \u00e1nh s\u00e1ng tr\u0103ng tr\u00f2n, Gemelos de Luna l\u00e0 hai th\u00e2n c\u00e2y m\u1ecdc t\u1eeb m\u1ed9t linh h\u1ed3n. S\u1ef1 \u0111\u1ed1i x\u1ee9ng c\u1ee7a h\u1ecd l\u00e0 hi\u1ebfm, tr\u00e1i phi\u1ebfu c\u1ee7a h\u1ecd kh\u00f4ng th\u1ec3 ph\u00e1 v\u1ee1. Theo truy\u1ec1n th\u1ed1ng \u0111\u1ecba ph\u01b0\u01a1ng, m\u1ed9t n\u00f4ng d\u00e2n \u0111\u00e3 tr\u1ed3ng c\u00e2y \u00f4 liu n\u00e0y \u0111\u1ec3 \u0103n m\u1eebng s\u1ef1 ra \u0111\u1eddi c\u1ee7a hai \u0111\u1ee9a con trai sinh \u0111\u00f4i c\u1ee7a m\u00ecnh &#8211; m\u1ed9t m\u00f3n qu\u00e0 cho v\u00f9ng \u0111\u1ea5t \u0111\u00e3 cho anh ta m\u1ecdi th\u1ee9.<\/p>\n<p>\u00a0<\/p>\n<p><strong>T\u1ea1i sao n\u00f3 \u0111\u1eb7c bi\u1ec7t:<\/strong><br \/>S\u1ef1 h\u00ecnh th\u00e0nh sinh \u0111\u00f4i t\u1ef1 nhi\u00ean c\u1ee7a n\u00f3 l\u00e0 m\u1ed9t bi\u1ec3u t\u01b0\u1ee3ng s\u1ed1ng c\u1ee7a s\u1ef1 h\u00e0i h\u00f2a, ho\u00e0n h\u1ea3o cho nh\u1eefng kh\u00f4ng gian c\u00f3 \u00fd ngh\u0129a nh\u01b0 nh\u00e0 gia \u0111\u00ecnh, kh\u00f3a tu ch\u0103m s\u00f3c s\u1ee9c kh\u1ecfe ho\u1eb7c nh\u1eefng n\u01a1i m\u00e0 nh\u1eefng c\u00e2u chuy\u1ec7n c\u00f3 ngh\u0129a l\u00e0 \u0111\u01b0\u1ee3c chia s\u1ebb.<\/p>\n","protected":false},"excerpt":{"rendered":"<p>Th\u00f4ng qua c\u00e1c c\u01a1n b\u00e3o, m\u00f9a v\u00e0 s\u1ef1 im l\u1eb7ng, c\u00e1c th\u00e2n c\u00e2y \u0111\u00e3 ph\u00e1t tri\u1ec3n c\u1ea1nh nhau, ph\u1ea3n chi\u1ebfu l\u1eabn nhau v\u1ec1 s\u1ee9c m\u1ea1nh v\u00e0 s\u1ef1 thanh th\u1ea3n. Ng\u00e0y nay, h\u1ecd mang l\u1ea1i s\u1ef1 c\u00e2n b\u1eb1ng, k\u1ebft n\u1ed1i v\u00e0 v\u1ebb \u0111\u1eb9p y\u00ean t\u0129nh cho b\u1ea5t k\u1ef3 kh\u00f4ng gian n\u00e0o m\u00e0 h\u1ecd duy\u00ean d\u00e1ng.<\/p>\n","protected":false},"featured_media":5916,"comment_status":"open","ping_status":"closed","template":"","meta":{"_acf_changed":false},"product_brand":[],"product_cat":[107],"product_tag":[80,81],"class_list":{"0":"post-6043","1":"product","2":"type-product","3":"status-publish","4":"has-post-thumbnail","6":"product_cat-the-young-icon","7":"product_tag-hojiblanca","8":"product_tag-twisted","10":"first","11":"instock","12":"shipping-taxable","13":"purchasable","14":"product-type-simple"},"acf":[],"_links":{"self":[{"href":"https:\/\/theoliuconcept.com\/vi\/wp-json\/wp\/v2\/product\/6043","targetHints":{"allow":["GET"]}}],"collection":[{"href":"https:\/\/theoliuconcept.com\/vi\/wp-json\/wp\/v2\/product"}],"about":[{"href":"https:\/\/theoliuconcept.com\/vi\/wp-json\/wp\/v2\/types\/product"}],"replies":[{"embeddable":true,"href":"https:\/\/theoliuconcept.com\/vi\/wp-json\/wp\/v2\/comments?post=6043"}],"version-history":[{"count":4,"href":"https:\/\/theoliuconcept.com\/vi\/wp-json\/wp\/v2\/product\/6043\/revisions"}],"predecessor-version":[{"id":6091,"href":"https:\/\/theoliuconcept.com\/vi\/wp-json\/wp\/v2\/product\/6043\/revisions\/6091"}],"wp:featuredmedia":[{"embeddable":true,"href":"https:\/\/theoliuconcept.com\/vi\/wp-json\/wp\/v2\/media\/5916"}],"wp:attachment":[{"href":"https:\/\/theoliuconcept.com\/vi\/wp-json\/wp\/v2\/media?parent=6043"}],"wp:term":[{"taxonomy":"product_brand","embeddable":true,"href":"https:\/\/theoliuconcept.com\/vi\/wp-json\/wp\/v2\/product_brand?post=6043"},{"taxonomy":"product_cat","embeddable":true,"href":"https:\/\/theoliuconcept.com\/vi\/wp-json\/wp\/v2\/product_cat?post=6043"},{"taxonomy":"product_tag","embeddable":true,"href":"https:\/\/theoliuconcept.com\/vi\/wp-json\/wp\/v2\/product_tag?post=6043"}],"curies":[{"name":"wp","href":"https:\/\/api.w.org\/{rel}","templated":true}]}}