{"id":6042,"date":"2025-04-29T04:29:39","date_gmt":"2025-04-29T04:29:39","guid":{"rendered":"https:\/\/theoliuconcept.com\/product\/el-guardian\/"},"modified":"2025-08-29T10:15:32","modified_gmt":"2025-08-29T10:15:32","slug":"el-guardian","status":"publish","type":"product","link":"https:\/\/theoliuconcept.com\/vi\/product\/el-guardian\/","title":{"rendered":"El Guardi\u00e1n"},"content":{"rendered":"<p><strong>C\u00e2u chuy\u1ec7n:<\/strong><br \/>\u0110\u01b0\u1ee3c c\u1eaft t\u1ec9a b\u1eb1ng s\u1ef1 ch\u0103m s\u00f3c v\u00e0 ngh\u1ec7 thu\u1eadt, Luz Del Sur c\u00f3 m\u1ed9t v\u01b0\u01a1ng mi\u1ec7n c\u00f3 h\u00ecnh d\u1ea1ng nh\u01b0 m\u1ed9t ng\u1ecdn l\u1eeda, m\u1ecdc l\u00ean tr\u00ean b\u1ea7u tr\u1eddi. T\u00ean c\u1ee7a c\u00f4 \u1ea5y &#8211; \u00e1nh s\u00e1ng c\u1ee7a mi\u1ec1n Nam &#8211; xu\u1ea5t ph\u00e1t t\u1eeb c\u00e1ch c\u00f4 \u1ea5y b\u1eaft \u0111\u01b0\u1ee3c ho\u00e0ng h\u00f4n v\u00e0ng Andalusian trong nh\u1eefng chi\u1ebfc l\u00e1 tr\u00f2n c\u1ee7a m\u00ecnh.<\/p>\n<p>\u00a0<\/p>\n<p><strong>T\u1ea1i sao n\u00f3 \u0111\u1eb7c bi\u1ec7t:<\/strong><br \/>Thi\u1ebft k\u1ebf \u0111i\u00eau kh\u1eafc c\u1ee7a n\u00f3 v\u00e0 nh\u1eefng t\u00e1n l\u00e1 t\u01b0\u01a1i s\u00e1ng l\u00e0m cho n\u00f3 ho\u00e0n h\u1ea3o cho nh\u1eefng ng\u01b0\u1eddi y\u00eau th\u00edch c\u00e1c d\u00f2ng s\u1ea1ch v\u00e0 n\u0103ng l\u01b0\u1ee3ng \u0110\u1ecba Trung H\u1ea3i \u1ea5m \u00e1p.<\/p>\n","protected":false},"excerpt":{"rendered":"<p>M\u1ecdi ng\u01b0\u1eddi s\u1ebd \u0111\u1ec3 l\u1ea1i nh\u1eefng l\u1ec5 v\u1eadt nh\u1ecf t\u1ea1i c\u0103n c\u1ee9 c\u1ee7a anh \u1ea5y, nh\u1eefng l\u1eddi ch\u00fac v\u00e0 b\u00ed m\u1eadt th\u00ec th\u1ea7m. B\u00e2y gi\u1edd, anh ta mang \u0111\u1ebfn s\u1ee9c m\u1ea1nh, s\u1ef1 hi\u1ec7n di\u1ec7n v\u00e0 ph\u1ea9m gi\u00e1 im l\u1eb7ng \u1edf b\u1ea5t c\u1ee9 n\u01a1i n\u00e0o anh ta tr\u1ed3ng.<\/p>\n","protected":false},"featured_media":5917,"comment_status":"open","ping_status":"closed","template":"","meta":{"_acf_changed":false},"product_brand":[],"product_cat":[105],"product_tag":[80,81],"class_list":{"0":"post-6042","1":"product","2":"type-product","3":"status-publish","4":"has-post-thumbnail","6":"product_cat-mediterranean-soul-vi","7":"product_tag-hojiblanca","8":"product_tag-twisted","10":"first","11":"instock","12":"shipping-taxable","13":"purchasable","14":"product-type-simple"},"acf":[],"_links":{"self":[{"href":"https:\/\/theoliuconcept.com\/vi\/wp-json\/wp\/v2\/product\/6042","targetHints":{"allow":["GET"]}}],"collection":[{"href":"https:\/\/theoliuconcept.com\/vi\/wp-json\/wp\/v2\/product"}],"about":[{"href":"https:\/\/theoliuconcept.com\/vi\/wp-json\/wp\/v2\/types\/product"}],"replies":[{"embeddable":true,"href":"https:\/\/theoliuconcept.com\/vi\/wp-json\/wp\/v2\/comments?post=6042"}],"version-history":[{"count":4,"href":"https:\/\/theoliuconcept.com\/vi\/wp-json\/wp\/v2\/product\/6042\/revisions"}],"predecessor-version":[{"id":6087,"href":"https:\/\/theoliuconcept.com\/vi\/wp-json\/wp\/v2\/product\/6042\/revisions\/6087"}],"wp:featuredmedia":[{"embeddable":true,"href":"https:\/\/theoliuconcept.com\/vi\/wp-json\/wp\/v2\/media\/5917"}],"wp:attachment":[{"href":"https:\/\/theoliuconcept.com\/vi\/wp-json\/wp\/v2\/media?parent=6042"}],"wp:term":[{"taxonomy":"product_brand","embeddable":true,"href":"https:\/\/theoliuconcept.com\/vi\/wp-json\/wp\/v2\/product_brand?post=6042"},{"taxonomy":"product_cat","embeddable":true,"href":"https:\/\/theoliuconcept.com\/vi\/wp-json\/wp\/v2\/product_cat?post=6042"},{"taxonomy":"product_tag","embeddable":true,"href":"https:\/\/theoliuconcept.com\/vi\/wp-json\/wp\/v2\/product_tag?post=6042"}],"curies":[{"name":"wp","href":"https:\/\/api.w.org\/{rel}","templated":true}]}}