{"id":6041,"date":"2025-04-29T04:40:33","date_gmt":"2025-04-29T04:40:33","guid":{"rendered":"https:\/\/theoliuconcept.com\/product\/nido-de-paz\/"},"modified":"2025-09-06T04:15:15","modified_gmt":"2025-09-06T04:15:15","slug":"nido-de-paz","status":"publish","type":"product","link":"https:\/\/theoliuconcept.com\/vi\/product\/nido-de-paz\/","title":{"rendered":"Nido de Paz"},"content":{"rendered":"<p><strong>C\u00e2u chuy\u1ec7n:<\/strong><br \/>\nNido de Paz \u2014 \u201cT\u1ed5 \u1ea4m B\u00ecnh Y\u00ean\u201d \u2014 l\u00e0 c\u00e2y \u00f4 liu c\u00f3 t\u00e1n ph\u00e2n nh\u00e1nh m\u1ec1m m\u1ea1i, khum tr\u00f2n nh\u01b0 m\u1ed9t m\u00e1i v\u00f2m t\u1ef1 nhi\u00ean. Nh\u1eefng c\u00e1nh chim th\u01b0\u1eddng t\u00ecm v\u1ec1 ngh\u1ec9 ng\u01a1i trong v\u00f2ng tay xanh \u1ea5y, bi\u1ebfn n\u00f3 th\u00e0nh bi\u1ec3u t\u01b0\u1ee3ng c\u1ee7a s\u1ef1 an y\u00ean cho ng\u00f4i l\u00e0ng nh\u1ecf m\u00e0 n\u00f3 canh gi\u1eef su\u1ed1t bao n\u0103m.\u0110i\u1ec3m \u0111\u1eb7c bi\u1ec7t:<br \/>\nD\u00e1ng t\u00e1n \u00f4m tr\u1ecdn, y\u00ean h\u00f2a mang \u0111\u1ebfn s\u1ef1 m\u1ec1m m\u1ea1i v\u00e0 c\u00e2n b\u1eb1ng, bi\u1ebfn b\u1ea5t k\u1ef3 g\u00f3c v\u01b0\u1eddn n\u00e0o th\u00e0nh ch\u1ed1n tr\u00fa \u1ea9n ri\u00eang t\u01b0.<\/p>\n","protected":false},"excerpt":{"rendered":"<p>L\u00fd t\u01b0\u1edfng \u0111\u1ec3 t\u1ea1o kh\u00f4ng gian ph\u1ea3n x\u1ea1.<\/p>\n","protected":false},"featured_media":5920,"comment_status":"open","ping_status":"closed","template":"","meta":{"_acf_changed":false},"product_brand":[],"product_cat":[105],"product_tag":[80,81],"class_list":{"0":"post-6041","1":"product","2":"type-product","3":"status-publish","4":"has-post-thumbnail","6":"product_cat-mediterranean-soul-vi","7":"product_tag-hojiblanca","8":"product_tag-twisted","10":"first","11":"instock","12":"shipping-taxable","13":"purchasable","14":"product-type-simple"},"acf":[],"_links":{"self":[{"href":"https:\/\/theoliuconcept.com\/vi\/wp-json\/wp\/v2\/product\/6041","targetHints":{"allow":["GET"]}}],"collection":[{"href":"https:\/\/theoliuconcept.com\/vi\/wp-json\/wp\/v2\/product"}],"about":[{"href":"https:\/\/theoliuconcept.com\/vi\/wp-json\/wp\/v2\/types\/product"}],"replies":[{"embeddable":true,"href":"https:\/\/theoliuconcept.com\/vi\/wp-json\/wp\/v2\/comments?post=6041"}],"version-history":[{"count":6,"href":"https:\/\/theoliuconcept.com\/vi\/wp-json\/wp\/v2\/product\/6041\/revisions"}],"predecessor-version":[{"id":6108,"href":"https:\/\/theoliuconcept.com\/vi\/wp-json\/wp\/v2\/product\/6041\/revisions\/6108"}],"wp:featuredmedia":[{"embeddable":true,"href":"https:\/\/theoliuconcept.com\/vi\/wp-json\/wp\/v2\/media\/5920"}],"wp:attachment":[{"href":"https:\/\/theoliuconcept.com\/vi\/wp-json\/wp\/v2\/media?parent=6041"}],"wp:term":[{"taxonomy":"product_brand","embeddable":true,"href":"https:\/\/theoliuconcept.com\/vi\/wp-json\/wp\/v2\/product_brand?post=6041"},{"taxonomy":"product_cat","embeddable":true,"href":"https:\/\/theoliuconcept.com\/vi\/wp-json\/wp\/v2\/product_cat?post=6041"},{"taxonomy":"product_tag","embeddable":true,"href":"https:\/\/theoliuconcept.com\/vi\/wp-json\/wp\/v2\/product_tag?post=6041"}],"curies":[{"name":"wp","href":"https:\/\/api.w.org\/{rel}","templated":true}]}}