{"id":6038,"date":"2025-04-29T04:46:30","date_gmt":"2025-04-29T04:46:30","guid":{"rendered":"https:\/\/theoliuconcept.com\/product\/raiz-eterna\/"},"modified":"2025-08-29T10:01:08","modified_gmt":"2025-08-29T10:01:08","slug":"raiz-eterna","status":"publish","type":"product","link":"https:\/\/theoliuconcept.com\/vi\/product\/raiz-eterna\/","title":{"rendered":"Ra\u00edz Eterna"},"content":{"rendered":"<p><strong>C\u00e2u chuy\u1ec7n:<\/strong><br \/>\nRa\u00edz Eterna l\u00e0 m\u1ed9t trong nh\u1eefng linh h\u1ed3n l\u00e2u \u0111\u1eddi nh\u1ea5t trong Grove-m\u1ed9t nh\u00e2n ch\u1ee9ng n\u0103m tu\u1ed5i c\u1ee7a l\u1ecbch s\u1eed. Th\u00e2n c\u00e2y d\u00e0y, ng\u1edb ng\u1ea9n c\u1ee7a n\u00f3 l\u00e0 m\u1ed9t t\u00e1c ph\u1ea9m \u0111i\u00eau kh\u1eafc \u0111\u01b0\u1ee3c \u0111\u1ecbnh h\u00ecnh b\u1edfi nhi\u1ec1u th\u1ebf k\u1ef7 c\u1ee7a m\u1eb7t tr\u1eddi, s\u1ef1 im l\u1eb7ng v\u00e0 s\u1ef1 s\u1ed1ng c\u00f2n.<\/p>\n<p><strong>T\u1ea1i sao n\u00f3 \u0111\u1eb7c bi\u1ec7t:<\/strong><br \/>\nM\u1ed9t c\u00e1i c\u00e2y h\u01a1n m\u1ed9t ng\u00e0n n\u0103m tu\u1ed5i kh\u00f4ng ch\u1ec9 l\u00e0 m\u1ed9t lo\u1ea1i c\u00e2y &#8211; n\u00f3 l\u00e0 m\u1ed9t t\u01b0\u1ee3ng \u0111\u00e0i. Ra\u00edz Eterna l\u00e0 ho\u00e0n h\u1ea3o cho nh\u1eefng ng\u01b0\u1eddi mu\u1ed1n t\u00f4n vinh di s\u1ea3n, thi\u00ean nhi\u00ean v\u00e0 s\u1ef1 tr\u01b0\u1eddng t\u1ed3n trong m\u1ed9t h\u00ecnh th\u1ee9c s\u1ed1ng m\u1ea1nh m\u1ebd, m\u1ea1nh m\u1ebd.<\/p>\n","protected":false},"excerpt":{"rendered":"<p>N\u00f4ng d\u00e2n n\u00f3i r\u1eb1ng c\u00e2y n\u00e0y \u0111\u00e3 c\u1ed5 x\u01b0a khi \u00f4ng b\u00e0 c\u1ee7a h\u1ecd \u0111\u01b0\u1ee3c sinh ra. R\u1ec5 c\u1ee7a n\u00f3 \u0111i s\u00e2u v\u00e0o tr\u00e1i \u0111\u1ea5t, neo kh\u00f4ng ch\u1ec9 l\u00e0 c\u00e2y, m\u00e0 c\u00f2n l\u00e0 k\u00fd \u1ee9c c\u1ee7a ch\u00ednh v\u00f9ng \u0111\u1ea5t<\/p>\n","protected":false},"featured_media":5921,"comment_status":"open","ping_status":"closed","template":"","meta":{"_acf_changed":false},"product_brand":[],"product_cat":[103],"product_tag":[80,81],"class_list":{"0":"post-6038","1":"product","2":"type-product","3":"status-publish","4":"has-post-thumbnail","6":"product_cat-timeless-graces-vi","7":"product_tag-hojiblanca","8":"product_tag-twisted","10":"first","11":"instock","12":"shipping-taxable","13":"purchasable","14":"product-type-simple"},"acf":[],"_links":{"self":[{"href":"https:\/\/theoliuconcept.com\/vi\/wp-json\/wp\/v2\/product\/6038","targetHints":{"allow":["GET"]}}],"collection":[{"href":"https:\/\/theoliuconcept.com\/vi\/wp-json\/wp\/v2\/product"}],"about":[{"href":"https:\/\/theoliuconcept.com\/vi\/wp-json\/wp\/v2\/types\/product"}],"replies":[{"embeddable":true,"href":"https:\/\/theoliuconcept.com\/vi\/wp-json\/wp\/v2\/comments?post=6038"}],"version-history":[{"count":5,"href":"https:\/\/theoliuconcept.com\/vi\/wp-json\/wp\/v2\/product\/6038\/revisions"}],"predecessor-version":[{"id":6106,"href":"https:\/\/theoliuconcept.com\/vi\/wp-json\/wp\/v2\/product\/6038\/revisions\/6106"}],"wp:featuredmedia":[{"embeddable":true,"href":"https:\/\/theoliuconcept.com\/vi\/wp-json\/wp\/v2\/media\/5921"}],"wp:attachment":[{"href":"https:\/\/theoliuconcept.com\/vi\/wp-json\/wp\/v2\/media?parent=6038"}],"wp:term":[{"taxonomy":"product_brand","embeddable":true,"href":"https:\/\/theoliuconcept.com\/vi\/wp-json\/wp\/v2\/product_brand?post=6038"},{"taxonomy":"product_cat","embeddable":true,"href":"https:\/\/theoliuconcept.com\/vi\/wp-json\/wp\/v2\/product_cat?post=6038"},{"taxonomy":"product_tag","embeddable":true,"href":"https:\/\/theoliuconcept.com\/vi\/wp-json\/wp\/v2\/product_tag?post=6038"}],"curies":[{"name":"wp","href":"https:\/\/api.w.org\/{rel}","templated":true}]}}