{"id":6036,"date":"2025-05-13T04:15:51","date_gmt":"2025-05-13T04:15:51","guid":{"rendered":"https:\/\/theoliuconcept.com\/product\/el-caminante\/"},"modified":"2025-08-29T10:02:44","modified_gmt":"2025-08-29T10:02:44","slug":"el-caminante","status":"publish","type":"product","link":"https:\/\/theoliuconcept.com\/vi\/product\/el-caminante\/","title":{"rendered":"El Caminante"},"content":{"rendered":"<p><strong>C\u00e2u chuy\u1ec7n:<\/strong><br \/>\n\u0110\u01b0\u1ee3c \u0111\u1ecbnh h\u00ecnh b\u1edfi nhi\u1ec1u th\u1ebf k\u1ef7 c\u1ee7a m\u1eb7t tr\u1eddi, gi\u00f3 v\u00e0 nh\u1eefng b\u01b0\u1edbc ch\u00e2n y\u00ean t\u0129nh g\u1ea7n \u0111\u00f3, El Caminante \u0111\u00e3 ph\u00e1t tri\u1ec3n c\u00f9ng v\u1edbi m\u1ed9t con \u0111\u01b0\u1eddng m\u00f2n c\u1ee7a ng\u01b0\u1eddi ch\u0103n c\u1eebu c\u0169 \u1edf mi\u1ec1n nam T\u00e2y Ban Nha. Th\u00e2n c\u00e2y u\u1ed1n l\u01b0\u1ee3n c\u1ee7a n\u00f3 vang v\u1ecdng c\u00e1c \u0111\u01b0\u1eddng cong c\u1ee7a nh\u1eefng con \u0111\u01b0\u1eddng b\u1ecb l\u00e3ng qu\u00ean, nh\u01b0 th\u1ec3 n\u00f3 \u0111ang \u0111i ch\u1eadm qua th\u1eddi gian. V\u1edbi m\u1ed7i b\u01b0\u1edbc ngo\u1eb7t, n\u00f3 k\u1ec3 m\u1ed9t c\u00e2u chuy\u1ec7n v\u1ec1 chuy\u1ec3n \u0111\u1ed9ng, c\u00e2n b\u1eb1ng v\u00e0 s\u1ee9c ch\u1ecbu \u0111\u1ef1ng.<\/p>\n<p><strong>T\u1ea1i sao n\u00f3 \u0111\u1eb7c bi\u1ec7t:<\/strong><br \/>\nH\u00ecnh th\u1ee9c xo\u1eafn \u1ed1c thanh l\u1ecbch c\u1ee7a n\u00f3 l\u00e0m cho n\u00f3 tr\u1edf th\u00e0nh m\u1ed9t t\u00e1c ph\u1ea9m \u0111i\u00eau kh\u1eafc t\u1ef1 nhi\u00ean &#8211; m\u1ed9t t\u00e1c ph\u1ea9m ngh\u1ec7 thu\u1eadt s\u1ed1ng \u0111\u1ed9ng th\u00eam linh h\u1ed3n cho b\u1ea5t k\u1ef3 kh\u00f4ng gian n\u00e0o.<\/p>\n","protected":false},"excerpt":{"rendered":"<p>Ng\u01b0\u1eddi d\u00e2n \u0111\u1ecba ph\u01b0\u01a1ng n\u00f3i r\u1eb1ng c\u00e1i c\u00e2y n\u00e0y \u0111\u00e3 ch\u1ee9ng ki\u1ebfn bi\u1ebft bao th\u1ebf h\u1ec7 \u0111\u1ebfn r\u1ed3i \u0111i \u2014 t\u1eeb nh\u1eefng ng\u01b0\u1eddi ch\u0103n c\u1eebu, thi s\u0129 cho \u0111\u1ebfn n\u00f4ng d\u00e2n v\u00e0 k\u1ebb m\u1ed9ng m\u01a1 \u2014 lu\u00f4n \u0111\u1ee9ng y\u00ean, nh\u01b0ng ch\u01b0a bao gi\u1edd ho\u00e0n to\u00e0n gi\u1ed1ng nhau. N\u00f3 mang theo tinh th\u1ea7n v\u01b0\u1ee3t th\u1eddi gian \u1ea5y \u0111\u1ebfn b\u1ea5t c\u1ee9 n\u01a1i n\u00e0o n\u00f3 hi\u1ec7n di\u1ec7n.<\/p>\n","protected":false},"featured_media":5916,"comment_status":"open","ping_status":"closed","template":"","meta":{"_acf_changed":false},"product_brand":[],"product_cat":[104],"product_tag":[80,81],"class_list":{"0":"post-6036","1":"product","2":"type-product","3":"status-publish","4":"has-post-thumbnail","6":"product_cat-the-collectors-choice-vi","7":"product_tag-hojiblanca","8":"product_tag-twisted","10":"first","11":"instock","12":"shipping-taxable","13":"purchasable","14":"product-type-simple"},"acf":[],"_links":{"self":[{"href":"https:\/\/theoliuconcept.com\/vi\/wp-json\/wp\/v2\/product\/6036","targetHints":{"allow":["GET"]}}],"collection":[{"href":"https:\/\/theoliuconcept.com\/vi\/wp-json\/wp\/v2\/product"}],"about":[{"href":"https:\/\/theoliuconcept.com\/vi\/wp-json\/wp\/v2\/types\/product"}],"replies":[{"embeddable":true,"href":"https:\/\/theoliuconcept.com\/vi\/wp-json\/wp\/v2\/comments?post=6036"}],"version-history":[{"count":4,"href":"https:\/\/theoliuconcept.com\/vi\/wp-json\/wp\/v2\/product\/6036\/revisions"}],"predecessor-version":[{"id":6075,"href":"https:\/\/theoliuconcept.com\/vi\/wp-json\/wp\/v2\/product\/6036\/revisions\/6075"}],"wp:featuredmedia":[{"embeddable":true,"href":"https:\/\/theoliuconcept.com\/vi\/wp-json\/wp\/v2\/media\/5916"}],"wp:attachment":[{"href":"https:\/\/theoliuconcept.com\/vi\/wp-json\/wp\/v2\/media?parent=6036"}],"wp:term":[{"taxonomy":"product_brand","embeddable":true,"href":"https:\/\/theoliuconcept.com\/vi\/wp-json\/wp\/v2\/product_brand?post=6036"},{"taxonomy":"product_cat","embeddable":true,"href":"https:\/\/theoliuconcept.com\/vi\/wp-json\/wp\/v2\/product_cat?post=6036"},{"taxonomy":"product_tag","embeddable":true,"href":"https:\/\/theoliuconcept.com\/vi\/wp-json\/wp\/v2\/product_tag?post=6036"}],"curies":[{"name":"wp","href":"https:\/\/api.w.org\/{rel}","templated":true}]}}