{"id":6034,"date":"2025-05-23T08:53:53","date_gmt":"2025-05-23T08:53:53","guid":{"rendered":"https:\/\/theoliuconcept.com\/product\/lolipop\/"},"modified":"2025-08-29T09:46:14","modified_gmt":"2025-08-29T09:46:14","slug":"lolipop","status":"publish","type":"product","link":"https:\/\/theoliuconcept.com\/vi\/product\/lolipop\/","title":{"rendered":"Lolipop"},"content":{"rendered":"<p>T\u00ean: Lino<br \/>Tu\u1ed5i: 15 tu\u1ed5i<br \/>Lo\u1ea1i: C\u00e2y \u00f4 liu non<br \/>Variety: Arbequina<br \/>C\u00e2u chuy\u1ec7n :<br \/>Lino l\u1edbn l\u00ean tr\u00ean m\u1ed9t ng\u1ecdn \u0111\u1ed3i y\u00ean t\u0129nh nh\u00ecn ra bi\u1ec3n, n\u01a1i gi\u00f3 lu\u00f4n mang theo m\u00f9i h\u01b0\u01a1ng c\u1ee7a h\u01b0\u01a1ng th\u1ea3o v\u00e0 mu\u1ed1i. Anh ta l\u00e0 ng\u01b0\u1eddi tr\u1ebb nh\u1ea5t trong m\u1ed9t khu r\u1eebng c\u1ee7a nh\u1eefng ng\u01b0\u1eddi kh\u1ed5ng l\u1ed3 h\u00e0ng th\u1ebf k\u1ef7, v\u00e0 m\u1ed7i ng\u00e0y anh ta nghe nh\u1eefng c\u00e2u chuy\u1ec7n c\u1ee7a h\u1ecd qua ti\u1ebfng x\u00e0o x\u1ea1c c\u1ee7a l\u00e1. B\u00e2y gi\u1edd, \u1edf tu\u1ed5i 15, Lino mang tr\u00ed tu\u1ec7 c\u1ee7a h\u1ecd trong c\u1ed9i ngu\u1ed3n v\u00e0 m\u1ed9t ch\u00fat linh h\u1ed3n \u0110\u1ecba Trung H\u1ea3i \u1edf m\u1ed7i nh\u00e1nh. Nh\u1eb9 nh\u00e0ng, ki\u00ean c\u01b0\u1eddng v\u00e0 \u0111\u1ea7y h\u1ee9a h\u1eb9n &#8211; anh \u1ea5y \u0111\u00e3 s\u1eb5n s\u00e0ng \u0111\u1ec3 mang l\u1ea1i v\u1ebb \u0111\u1eb9p b\u00ecnh t\u0129nh cho m\u1ed9t ng\u00f4i nh\u00e0 m\u1edbi.<\/p>\n<p>T\u1ea1i sao n\u00f3 \u0111\u1eb7c bi\u1ec7t:<\/p>\n<p>Lino kh\u00f4ng ch\u1ec9 l\u00e0 m\u1ed9t c\u00e2y \u00f4 liu &#8211; anh \u1ea5y l\u00e0 m\u1ed9t bi\u1ec3u t\u01b0\u1ee3ng c\u1ee7a s\u1ee9c m\u1ea1nh y\u00ean t\u0129nh v\u00e0 s\u1ef1 quy\u1ebfn r\u0169 v\u01b0\u1ee3t th\u1eddi gian. M\u1eb7c d\u00f9 c\u00f2n tr\u1ebb, anh ta l\u1edbn l\u00ean \u0111\u01b0\u1ee3c bao quanh b\u1edfi nh\u1eefng c\u00e2y c\u1ed5 x\u01b0a, h\u1ea5p th\u1ee5 kh\u1ea3 n\u0103ng ph\u1ee5c h\u1ed3i v\u00e0 \u00e2n s\u1ee7ng c\u1ee7a h\u1ecd. K\u00edch th\u01b0\u1edbc nh\u1ecf g\u1ecdn c\u1ee7a anh ta l\u00e0m cho anh ta ho\u00e0n h\u1ea3o cho c\u00e1c khu v\u01b0\u1eddn ho\u1eb7c s\u00e2n th\u01b0\u1ee3ng \u0111\u00f4 th\u1ecb, nh\u01b0ng th\u00e2n c\u00e2y xo\u1eafn v\u00e0 l\u00e1 b\u1ea1c th\u00ec th\u1ea7m nh\u1eefng c\u00e2u chuy\u1ec7n v\u1ec1 c\u1ea3nh quan \u0110\u1ecba Trung H\u1ea3i c\u0169. Lino kh\u00f4ng ch\u1ec9 mang l\u1ea1i b\u00f3ng r\u00e2m, m\u00e0 c\u1ea3 linh h\u1ed3n &#8211; lo\u1ea1i s\u1ef1 hi\u1ec7n di\u1ec7n bi\u1ebfn b\u1ea5t k\u1ef3 kh\u00f4ng gian n\u00e0o th\u00e0nh m\u1ed9t cu\u1ed9c r\u00fat lui thanh b\u00ecnh.<\/p>\n","protected":false},"excerpt":{"rendered":"<p>T\u00ean: LinoTu\u1ed5i: 15 tu\u1ed5iLo\u1ea1i: C\u00e2y \u00f4 liu nonVariety: ArbequinaC\u00e2u chuy\u1ec7n :Lino l\u1edbn l\u00ean tr\u00ean m\u1ed9t ng\u1ecdn \u0111\u1ed3i y\u00ean t\u0129nh nh\u00ecn ra bi\u1ec3n, n\u01a1i gi\u00f3 lu\u00f4n mang theo m\u00f9i h\u01b0\u01a1ng c\u1ee7a h\u01b0\u01a1ng th\u1ea3o v\u00e0 mu\u1ed1i. Anh ta l\u00e0 ng\u01b0\u1eddi tr\u1ebb nh\u1ea5t trong m\u1ed9t khu r\u1eebng c\u1ee7a nh\u1eefng ng\u01b0\u1eddi kh\u1ed5ng l\u1ed3 h\u00e0ng th\u1ebf k\u1ef7, v\u00e0 m\u1ed7i ng\u00e0y [&hellip;]<\/p>\n","protected":false},"featured_media":5955,"comment_status":"open","ping_status":"closed","template":"","meta":{"_acf_changed":false},"product_brand":[],"product_cat":[104],"product_tag":[],"class_list":{"0":"post-6034","1":"product","2":"type-product","3":"status-publish","4":"has-post-thumbnail","6":"product_cat-the-collectors-choice-vi","8":"first","9":"instock","10":"shipping-taxable","11":"product-type-simple"},"acf":[],"_links":{"self":[{"href":"https:\/\/theoliuconcept.com\/vi\/wp-json\/wp\/v2\/product\/6034","targetHints":{"allow":["GET"]}}],"collection":[{"href":"https:\/\/theoliuconcept.com\/vi\/wp-json\/wp\/v2\/product"}],"about":[{"href":"https:\/\/theoliuconcept.com\/vi\/wp-json\/wp\/v2\/types\/product"}],"replies":[{"embeddable":true,"href":"https:\/\/theoliuconcept.com\/vi\/wp-json\/wp\/v2\/comments?post=6034"}],"version-history":[{"count":4,"href":"https:\/\/theoliuconcept.com\/vi\/wp-json\/wp\/v2\/product\/6034\/revisions"}],"predecessor-version":[{"id":6105,"href":"https:\/\/theoliuconcept.com\/vi\/wp-json\/wp\/v2\/product\/6034\/revisions\/6105"}],"wp:featuredmedia":[{"embeddable":true,"href":"https:\/\/theoliuconcept.com\/vi\/wp-json\/wp\/v2\/media\/5955"}],"wp:attachment":[{"href":"https:\/\/theoliuconcept.com\/vi\/wp-json\/wp\/v2\/media?parent=6034"}],"wp:term":[{"taxonomy":"product_brand","embeddable":true,"href":"https:\/\/theoliuconcept.com\/vi\/wp-json\/wp\/v2\/product_brand?post=6034"},{"taxonomy":"product_cat","embeddable":true,"href":"https:\/\/theoliuconcept.com\/vi\/wp-json\/wp\/v2\/product_cat?post=6034"},{"taxonomy":"product_tag","embeddable":true,"href":"https:\/\/theoliuconcept.com\/vi\/wp-json\/wp\/v2\/product_tag?post=6034"}],"curies":[{"name":"wp","href":"https:\/\/api.w.org\/{rel}","templated":true}]}}